{"id":21,"date":"2025-10-19T10:25:49","date_gmt":"2025-10-19T08:25:49","guid":{"rendered":"https:\/\/notariuszchorzow.pl\/?page_id=21"},"modified":"2026-01-25T17:23:35","modified_gmt":"2026-01-25T16:23:35","slug":"front_page","status":"publish","type":"page","link":"https:\/\/notariuszchorzow.pl\/","title":{"rendered":"G\u0141\u00d3WNA"},"content":{"rendered":"\n\n\n\nO kancelarii\n\n\n\n\n\nKancelaria ma swoj\u0105 siedzib\u0119 w budynku CENTRUM BIUROWEGO w Chorzowie Batorym. <strong>Klienci dokonuj\u0105cy czynno\u015bci notarialnych maj\u0105 mo\u017cliwo\u015b\u0107 korzystania ze wszystkich miejsc postojowych na bezp\u0142atnym monitorowanym ca\u0142\u0105 dob\u0119 parkingu<\/strong> znajduj\u0105cym si\u0119 bezpo\u015brednio na terenie nieruchomo\u015bci, w kt\u00f3rej siedzib\u0105 ma Kancelaria.\n\n\n\nWej\u015bcie do budynku opr\u00f3cz schod\u00f3w posiada r\u00f3wnie\u017c podjazd dla w\u00f3zk\u00f3w. Kancelaria jest prowadzona samodzielnie przez notariusz Izabel\u0119 Darwish.<br>Kancelaria posiada doskona\u0142e po\u0142o\u017cenie zar\u00f3wno dla os\u00f3b zmotoryzowanych jak i dla klient\u00f3w przemieszczaj\u0105cych si\u0119 komunikacj\u0105 miejsk\u0105 b\u0105d\u017a liniami kolejowymi. Dojazd do Kancelarii autostrady od A4 bezpo\u015brednio zjazdem na ulic\u0119 Stefana Batorego zajmuje ok. 6 minut, natomiast od zjazdu z DT\u015a (od alei Bojownik\u00f3w o Wolno\u015b\u0107 i Demokracj\u0119) do siedziby Kancelarii mo\u017cna dojecha\u0107 w 7 minut.\n\n\n\nR\u00f3wnie\u017c odleg\u0142o\u015b\u0107 od dworca kolejowego PKP stacja \u201eChorz\u00f3w Batory\u201d &nbsp;do siedziby kancelarii nie jest du\u017ca, a doj\u015bcie pieszo zajmuje nie wi\u0119cej ni\u017c 15-20 minut. Bezpo\u015brednio przed wej\u015bciem na teren CENTRUM BIUROWEGO znajduje si\u0119 przystanek autobusowy ZTM&nbsp; &#8211; \u201eChorz\u00f3w Batory Osiedle\u201d obs\u0142uguj\u0105cy linie nr 22,74, 139, 48, 663.\n\n\n\nNatomiast na prostopad\u0142ej ulicy do budynku biurowca znajduje si\u0119 przystanek autobusowy ZTM &#8211; \u201eChorz\u00f3w Batory Czempiela\u201d obs\u0142uguj\u0105cy linie nr 165, 201&nbsp; 632 i 974 \u2013 doj\u015bcie z tego przystanku zajmuje nie wi\u0119cej ni\u017c 2 minuty.\n\n\n\n\n\nZAKRES CZYNNO\u015aCI NOTARIALNYCH\n\n\n\n\n\nKancelaria ma swoj\u0105 siedzib\u0119 w budynku CENTRUM BIUROWEGO w Chorzowie Batorym. <strong>Klienci dokonuj\u0105cy czynno\u015bci notarialnych maj\u0105 mo\u017cliwo\u015b\u0107 korzystania ze wszystkich miejsc postojowych na bezp\u0142atnym monitorowanym ca\u0142\u0105 dob\u0119 parkingu<\/strong> znajduj\u0105cym si\u0119 bezpo\u015brednio na terenie nieruchomo\u015bci, w kt\u00f3rej siedzib\u0105 ma Kancelaria.\n\n\n\nWej\u015bcie do budynku opr\u00f3cz schod\u00f3w posiada r\u00f3wnie\u017c podjazd dla w\u00f3zk\u00f3w. Kancelaria jest prowadzona samodzielnie przez notariusz Izabel\u0119 Darwish.<br>Kancelaria posiada doskona\u0142e po\u0142o\u017cenie zar\u00f3wno dla os\u00f3b zmotoryzowanych jak i dla klient\u00f3w przemieszczaj\u0105cych si\u0119 komunikacj\u0105 miejsk\u0105 b\u0105d\u017a liniami kolejowymi. Dojazd do Kancelarii autostrady od A4 bezpo\u015brednio zjazdem na ulic\u0119 Stefana Batorego zajmuje ok. 6 minut, natomiast od zjazdu z DT\u015a (od alei Bojownik\u00f3w o Wolno\u015b\u0107 i Demokracj\u0119) do siedziby Kancelarii mo\u017cna dojecha\u0107 w 7 minut.\n\n\n\nR\u00f3wnie\u017c odleg\u0142o\u015b\u0107 od dworca kolejowego PKP stacja \u201eChorz\u00f3w Batory\u201d &nbsp;do siedziby kancelarii nie jest du\u017ca, a doj\u015bcie pieszo zajmuje nie wi\u0119cej ni\u017c 15-20 minut. Bezpo\u015brednio przed wej\u015bciem na teren CENTRUM BIUROWEGO znajduje si\u0119 przystanek autobusowy ZTM&nbsp; &#8211; \u201eChorz\u00f3w Batory Osiedle\u201d obs\u0142uguj\u0105cy linie nr 22,74, 139, 48, 663.\n\n\n\nNatomiast na prostopad\u0142ej ulicy do budynku biurowca znajduje si\u0119 przystanek autobusowy ZTM &#8211; \u201eChorz\u00f3w Batory Czempiela\u201d obs\u0142uguj\u0105cy linie nr 165, 201&nbsp; 632 i 974 \u2013 doj\u015bcie z tego przystanku zajmuje nie wi\u0119cej ni\u017c 2 minuty.\n\n\n\n\n\n\n\n\n\n\n\nMeasure your progress\n\n\n\n\n\nLorem ipsum dolor sit amet, consectetur adipiscing elit. Ut id ante a tempus mi a feugiat aliquet convallis.\n\n\n\nLorem ipsum dolor sit amet, consectetur adipiscing elit. Ut feugiat aliquet convallis. Morbi cursus scelerisque est, a sodales mi fringilla sit amet. Donec ultrices id ante a tempus fermentum condimentum.\n\n\n\n\nRead more\n\n\n\n\n\n\n\n\n\n\n\n\n\n\n\n\n\n\nKancelaria Notarialna Izabela Darwish\n\n\n\n\nTel. 32 307 84 76 Kom. 570 142 422\n\n\n\n<a href=\"mailto:chorzow.notariusz@gmail.com\">chorzow.notariusz@gmail.com<\/a>\n\n\n\n<p>Ul. Stefana Batorego 48&nbsp; &nbsp;41-506 Chorz\u00f3w<\/p>\n\n\n\n<p>Nr rachunku bankowego PKO Banku Polskiego S.A.<br \/><strong>67 1020 2368 0000 2402 0766 1285<\/strong><\/p>\n\n\n\n\n\n\n<iframe loading=\"lazy\"\n\t\t\t\t\tsrc=\"https:\/\/maps.google.com\/maps?q=Ul.%20Stefana%20Batorego%2048%20%20%2041-506%20Chorz%C3%B3w&#038;t=m&#038;z=10&#038;output=embed&#038;iwloc=near\"\n\t\t\t\t\ttitle=\"Ul. Stefana Batorego 48   41-506 Chorz\u00f3w\"\n\t\t\t\t\taria-label=\"Ul. Stefana Batorego 48   41-506 Chorz\u00f3w\"\n\t\t\t><\/iframe>","protected":false},"excerpt":{"rendered":"","protected":false},"author":1,"featured_media":0,"parent":0,"menu_order":1,"comment_status":"closed","ping_status":"closed","template":"","meta":{"footnotes":""},"class_list":["post-21","page","type-page","status-publish","hentry"],"yoast_head":"<!-- This site is optimized with the Yoast SEO plugin v26.8 - https:\/\/yoast.com\/product\/yoast-seo-wordpress\/ -->\n<title>G\u0141\u00d3WNA - Notariusz Chorz\u00f3w<\/title>\n<meta name=\"robots\" content=\"index, follow, max-snippet:-1, max-image-preview:large, max-video-preview:-1\" \/>\n<link rel=\"canonical\" href=\"https:\/\/notariuszchorzow.pl\/\" \/>\n<meta property=\"og:locale\" content=\"en_US\" \/>\n<meta property=\"og:type\" content=\"article\" \/>\n<meta property=\"og:title\" content=\"G\u0141\u00d3WNA - Notariusz Chorz\u00f3w\" \/>\n<meta property=\"og:url\" content=\"https:\/\/notariuszchorzow.pl\/\" \/>\n<meta property=\"og:site_name\" content=\"Notariusz Chorz\u00f3w\" \/>\n<meta property=\"article:modified_time\" content=\"2026-01-25T16:23:35+00:00\" \/>\n<meta name=\"twitter:card\" content=\"summary_large_image\" \/>\n<meta name=\"twitter:label1\" content=\"Est. reading time\" \/>\n\t<meta name=\"twitter:data1\" content=\"3 minutes\" \/>\n<script type=\"application\/ld+json\" class=\"yoast-schema-graph\">{\"@context\":\"https:\/\/schema.org\",\"@graph\":[{\"@type\":\"WebPage\",\"@id\":\"https:\/\/notariuszchorzow.pl\/\",\"url\":\"https:\/\/notariuszchorzow.pl\/\",\"name\":\"G\u0141\u00d3WNA - Notariusz Chorz\u00f3w\",\"isPartOf\":{\"@id\":\"https:\/\/notariuszchorzow.pl\/#website\"},\"datePublished\":\"2025-10-19T08:25:49+00:00\",\"dateModified\":\"2026-01-25T16:23:35+00:00\",\"breadcrumb\":{\"@id\":\"https:\/\/notariuszchorzow.pl\/#breadcrumb\"},\"inLanguage\":\"en-US\",\"potentialAction\":[{\"@type\":\"ReadAction\",\"target\":[\"https:\/\/notariuszchorzow.pl\/\"]}]},{\"@type\":\"BreadcrumbList\",\"@id\":\"https:\/\/notariuszchorzow.pl\/#breadcrumb\",\"itemListElement\":[{\"@type\":\"ListItem\",\"position\":1,\"name\":\"Home\",\"item\":\"https:\/\/notariuszchorzow.pl\/\"},{\"@type\":\"ListItem\",\"position\":2,\"name\":\"G\u0141\u00d3WNA\"}]},{\"@type\":\"WebSite\",\"@id\":\"https:\/\/notariuszchorzow.pl\/#website\",\"url\":\"https:\/\/notariuszchorzow.pl\/\",\"name\":\"Notariusz Chorz\u00f3w\",\"description\":\"\",\"publisher\":{\"@id\":\"https:\/\/notariuszchorzow.pl\/#organization\"},\"potentialAction\":[{\"@type\":\"SearchAction\",\"target\":{\"@type\":\"EntryPoint\",\"urlTemplate\":\"https:\/\/notariuszchorzow.pl\/?s={search_term_string}\"},\"query-input\":{\"@type\":\"PropertyValueSpecification\",\"valueRequired\":true,\"valueName\":\"search_term_string\"}}],\"inLanguage\":\"en-US\"},{\"@type\":\"Organization\",\"@id\":\"https:\/\/notariuszchorzow.pl\/#organization\",\"name\":\"Notariusz Chorz\u00f3w\",\"url\":\"https:\/\/notariuszchorzow.pl\/\",\"logo\":{\"@type\":\"ImageObject\",\"inLanguage\":\"en-US\",\"@id\":\"https:\/\/notariuszchorzow.pl\/#\/schema\/logo\/image\/\",\"url\":\"https:\/\/notariuszchorzow.pl\/wp-content\/uploads\/2025\/10\/cropped-cropped-logo-500.png\",\"contentUrl\":\"https:\/\/notariuszchorzow.pl\/wp-content\/uploads\/2025\/10\/cropped-cropped-logo-500.png\",\"width\":512,\"height\":339,\"caption\":\"Notariusz Chorz\u00f3w\"},\"image\":{\"@id\":\"https:\/\/notariuszchorzow.pl\/#\/schema\/logo\/image\/\"}}]}<\/script>\n<!-- \/ Yoast SEO plugin. -->","yoast_head_json":{"title":"G\u0141\u00d3WNA - Notariusz Chorz\u00f3w","robots":{"index":"index","follow":"follow","max-snippet":"max-snippet:-1","max-image-preview":"max-image-preview:large","max-video-preview":"max-video-preview:-1"},"canonical":"https:\/\/notariuszchorzow.pl\/","og_locale":"en_US","og_type":"article","og_title":"G\u0141\u00d3WNA - Notariusz Chorz\u00f3w","og_url":"https:\/\/notariuszchorzow.pl\/","og_site_name":"Notariusz Chorz\u00f3w","article_modified_time":"2026-01-25T16:23:35+00:00","twitter_card":"summary_large_image","twitter_misc":{"Est. reading time":"3 minutes"},"schema":{"@context":"https:\/\/schema.org","@graph":[{"@type":"WebPage","@id":"https:\/\/notariuszchorzow.pl\/","url":"https:\/\/notariuszchorzow.pl\/","name":"G\u0141\u00d3WNA - Notariusz Chorz\u00f3w","isPartOf":{"@id":"https:\/\/notariuszchorzow.pl\/#website"},"datePublished":"2025-10-19T08:25:49+00:00","dateModified":"2026-01-25T16:23:35+00:00","breadcrumb":{"@id":"https:\/\/notariuszchorzow.pl\/#breadcrumb"},"inLanguage":"en-US","potentialAction":[{"@type":"ReadAction","target":["https:\/\/notariuszchorzow.pl\/"]}]},{"@type":"BreadcrumbList","@id":"https:\/\/notariuszchorzow.pl\/#breadcrumb","itemListElement":[{"@type":"ListItem","position":1,"name":"Home","item":"https:\/\/notariuszchorzow.pl\/"},{"@type":"ListItem","position":2,"name":"G\u0141\u00d3WNA"}]},{"@type":"WebSite","@id":"https:\/\/notariuszchorzow.pl\/#website","url":"https:\/\/notariuszchorzow.pl\/","name":"Notariusz Chorz\u00f3w","description":"","publisher":{"@id":"https:\/\/notariuszchorzow.pl\/#organization"},"potentialAction":[{"@type":"SearchAction","target":{"@type":"EntryPoint","urlTemplate":"https:\/\/notariuszchorzow.pl\/?s={search_term_string}"},"query-input":{"@type":"PropertyValueSpecification","valueRequired":true,"valueName":"search_term_string"}}],"inLanguage":"en-US"},{"@type":"Organization","@id":"https:\/\/notariuszchorzow.pl\/#organization","name":"Notariusz Chorz\u00f3w","url":"https:\/\/notariuszchorzow.pl\/","logo":{"@type":"ImageObject","inLanguage":"en-US","@id":"https:\/\/notariuszchorzow.pl\/#\/schema\/logo\/image\/","url":"https:\/\/notariuszchorzow.pl\/wp-content\/uploads\/2025\/10\/cropped-cropped-logo-500.png","contentUrl":"https:\/\/notariuszchorzow.pl\/wp-content\/uploads\/2025\/10\/cropped-cropped-logo-500.png","width":512,"height":339,"caption":"Notariusz Chorz\u00f3w"},"image":{"@id":"https:\/\/notariuszchorzow.pl\/#\/schema\/logo\/image\/"}}]}},"_links":{"self":[{"href":"https:\/\/notariuszchorzow.pl\/index.php?rest_route=\/wp\/v2\/pages\/21","targetHints":{"allow":["GET"]}}],"collection":[{"href":"https:\/\/notariuszchorzow.pl\/index.php?rest_route=\/wp\/v2\/pages"}],"about":[{"href":"https:\/\/notariuszchorzow.pl\/index.php?rest_route=\/wp\/v2\/types\/page"}],"author":[{"embeddable":true,"href":"https:\/\/notariuszchorzow.pl\/index.php?rest_route=\/wp\/v2\/users\/1"}],"replies":[{"embeddable":true,"href":"https:\/\/notariuszchorzow.pl\/index.php?rest_route=%2Fwp%2Fv2%2Fcomments&post=21"}],"version-history":[{"count":23,"href":"https:\/\/notariuszchorzow.pl\/index.php?rest_route=\/wp\/v2\/pages\/21\/revisions"}],"predecessor-version":[{"id":429,"href":"https:\/\/notariuszchorzow.pl\/index.php?rest_route=\/wp\/v2\/pages\/21\/revisions\/429"}],"wp:attachment":[{"href":"https:\/\/notariuszchorzow.pl\/index.php?rest_route=%2Fwp%2Fv2%2Fmedia&parent=21"}],"curies":[{"name":"wp","href":"https:\/\/api.w.org\/{rel}","templated":true}]}}